{"id":479,"date":"2020-02-28T16:45:21","date_gmt":"2020-02-28T16:45:21","guid":{"rendered":"http:\/\/propuesta5.msrtecnologia.com.mx\/?page_id=479"},"modified":"2020-02-28T19:38:57","modified_gmt":"2020-02-28T19:38:57","slug":"portafolio","status":"publish","type":"page","link":"https:\/\/propuesta5.msrtecnologia.com.mx\/index.php\/portafolio\/","title":{"rendered":"Portafolio"},"content":{"rendered":"\t\t<div data-elementor-type=\"wp-page\" data-elementor-id=\"479\" class=\"elementor elementor-479\" data-elementor-settings=\"[]\">\n\t\t\t<div class=\"elementor-inner\">\n\t\t\t\t<div class=\"elementor-section-wrap\">\n\t\t\t\t\t\t\t<section class=\"elementor-element elementor-element-7f24101e elementor-section-content-middle elementor-section-boxed elementor-section-height-default elementor-section-height-default elementor-section elementor-top-section\" data-id=\"7f24101e\" data-element_type=\"section\">\n\t\t\t\t\t\t<div class=\"elementor-container elementor-column-gap-no\">\n\t\t\t\t<div class=\"elementor-row\">\n\t\t\t\t<div class=\"elementor-element elementor-element-4ec7ed8b elementor-column elementor-col-100 elementor-top-column\" data-id=\"4ec7ed8b\" data-element_type=\"column\">\n\t\t\t<div class=\"elementor-column-wrap  elementor-element-populated\">\n\t\t\t\t\t<div class=\"elementor-widget-wrap\">\n\t\t\t\t<div class=\"elementor-element elementor-element-315e531 elementor-widget elementor-widget-heading\" data-id=\"315e531\" data-element_type=\"widget\" data-widget_type=\"heading.default\">\n\t\t\t\t<div class=\"elementor-widget-container\">\n\t\t\t<h4 class=\"elementor-heading-title elementor-size-default\">aLGUNOS DE NUESTROS TRABAJOS<\/h4>\t\t<\/div>\n\t\t\t\t<\/div>\n\t\t\t\t<div class=\"elementor-element elementor-element-792b0154 elementor-widget elementor-widget-heading\" data-id=\"792b0154\" data-element_type=\"widget\" data-widget_type=\"heading.default\">\n\t\t\t\t<div class=\"elementor-widget-container\">\n\t\t\t<h5 class=\"elementor-heading-title elementor-size-default\">Nos involucramos en su proyecto consider\u00e1ndolo como propio, utilizamos todos nuestros recursos para ofrecerle la mejor soluci\u00f3n.\nSu \u00e9xito es el nuestro.<\/h5>\t\t<\/div>\n\t\t\t\t<\/div>\n\t\t\t\t<div class=\"elementor-element elementor-element-20ce9fcd gallery-spacing-custom elementor-widget elementor-widget-image-gallery\" data-id=\"20ce9fcd\" data-element_type=\"widget\" data-widget_type=\"image-gallery.default\">\n\t\t\t\t<div class=\"elementor-widget-container\">\n\t\t\t\t\t<div class=\"elementor-image-gallery\">\n\t\t\t<div id='gallery-1' class='gallery galleryid-479 gallery-columns-2 gallery-size-full'><figure class='gallery-item'>\n\t\t\t<div class='gallery-icon landscape'>\n\t\t\t\t<a data-elementor-open-lightbox=\"yes\" data-elementor-lightbox-slideshow=\"20ce9fcd\" data-elementor-lightbox-title=\"https:\/\/bdviajes.com\/\" href='https:\/\/propuesta5.msrtecnologia.com.mx\/daniel-josef-amsssjuaty4-unsplash\/'><img loading=\"lazy\" decoding=\"async\" width=\"490\" height=\"380\" src=\"https:\/\/propuesta5.msrtecnologia.com.mx\/wp-content\/uploads\/2020\/02\/daniel-josef-AMssSjUaTY4-unsplash.jpg\" class=\"attachment-full size-full\" alt=\"\" aria-describedby=\"gallery-1-485\" srcset=\"https:\/\/propuesta5.msrtecnologia.com.mx\/wp-content\/uploads\/2020\/02\/daniel-josef-AMssSjUaTY4-unsplash.jpg 490w, https:\/\/propuesta5.msrtecnologia.com.mx\/wp-content\/uploads\/2020\/02\/daniel-josef-AMssSjUaTY4-unsplash-300x233.jpg 300w\" sizes=\"auto, (max-width: 490px) 100vw, 490px\" \/><\/a>\n\t\t\t<\/div>\n\t\t\t\t<figcaption class='wp-caption-text gallery-caption' id='gallery-1-485'>\n\t\t\t\tDesarrollo Web\n\t\t\t\t<\/figcaption><\/figure><figure class='gallery-item'>\n\t\t\t<div class='gallery-icon landscape'>\n\t\t\t\t<a data-elementor-open-lightbox=\"yes\" data-elementor-lightbox-slideshow=\"20ce9fcd\" data-elementor-lightbox-title=\"lee-campbell-DtDlVpy-vvQ-unsplash\" href='https:\/\/propuesta5.msrtecnologia.com.mx\/lee-campbell-dtdlvpy-vvq-unsplash\/'><img loading=\"lazy\" decoding=\"async\" width=\"490\" height=\"380\" src=\"https:\/\/propuesta5.msrtecnologia.com.mx\/wp-content\/uploads\/2020\/02\/lee-campbell-DtDlVpy-vvQ-unsplash.jpg\" class=\"attachment-full size-full\" alt=\"\" aria-describedby=\"gallery-1-488\" srcset=\"https:\/\/propuesta5.msrtecnologia.com.mx\/wp-content\/uploads\/2020\/02\/lee-campbell-DtDlVpy-vvQ-unsplash.jpg 490w, https:\/\/propuesta5.msrtecnologia.com.mx\/wp-content\/uploads\/2020\/02\/lee-campbell-DtDlVpy-vvQ-unsplash-300x233.jpg 300w\" sizes=\"auto, (max-width: 490px) 100vw, 490px\" \/><\/a>\n\t\t\t<\/div>\n\t\t\t\t<figcaption class='wp-caption-text gallery-caption' id='gallery-1-488'>\n\t\t\t\tDise\u00f1o Web\n\t\t\t\t<\/figcaption><\/figure><figure class='gallery-item'>\n\t\t\t<div class='gallery-icon landscape'>\n\t\t\t\t<a data-elementor-open-lightbox=\"yes\" data-elementor-lightbox-slideshow=\"20ce9fcd\" data-elementor-lightbox-title=\"daniel-canibano-JE3ASpuEld4-unsplash\" href='https:\/\/propuesta5.msrtecnologia.com.mx\/daniel-canibano-je3aspueld4-unsplash\/'><img loading=\"lazy\" decoding=\"async\" width=\"490\" height=\"380\" src=\"https:\/\/propuesta5.msrtecnologia.com.mx\/wp-content\/uploads\/2020\/02\/daniel-canibano-JE3ASpuEld4-unsplash.jpg\" class=\"attachment-full size-full\" alt=\"\" aria-describedby=\"gallery-1-487\" srcset=\"https:\/\/propuesta5.msrtecnologia.com.mx\/wp-content\/uploads\/2020\/02\/daniel-canibano-JE3ASpuEld4-unsplash.jpg 490w, https:\/\/propuesta5.msrtecnologia.com.mx\/wp-content\/uploads\/2020\/02\/daniel-canibano-JE3ASpuEld4-unsplash-300x233.jpg 300w\" sizes=\"auto, (max-width: 490px) 100vw, 490px\" \/><\/a>\n\t\t\t<\/div>\n\t\t\t\t<figcaption class='wp-caption-text gallery-caption' id='gallery-1-487'>\n\t\t\t\tDesarrollo de APPS\n\t\t\t\t<\/figcaption><\/figure><figure class='gallery-item'>\n\t\t\t<div class='gallery-icon landscape'>\n\t\t\t\t<a data-elementor-open-lightbox=\"yes\" data-elementor-lightbox-slideshow=\"20ce9fcd\" data-elementor-lightbox-title=\"aleks-dorohovich-nJdwUHmaY8A-unsplash\" href='https:\/\/propuesta5.msrtecnologia.com.mx\/aleks-dorohovich-njdwuhmay8a-unsplash\/'><img loading=\"lazy\" decoding=\"async\" width=\"490\" height=\"380\" src=\"https:\/\/propuesta5.msrtecnologia.com.mx\/wp-content\/uploads\/2020\/02\/aleks-dorohovich-nJdwUHmaY8A-unsplash.jpg\" class=\"attachment-full size-full\" alt=\"\" aria-describedby=\"gallery-1-486\" srcset=\"https:\/\/propuesta5.msrtecnologia.com.mx\/wp-content\/uploads\/2020\/02\/aleks-dorohovich-nJdwUHmaY8A-unsplash.jpg 490w, https:\/\/propuesta5.msrtecnologia.com.mx\/wp-content\/uploads\/2020\/02\/aleks-dorohovich-nJdwUHmaY8A-unsplash-300x233.jpg 300w\" sizes=\"auto, (max-width: 490px) 100vw, 490px\" \/><\/a>\n\t\t\t<\/div>\n\t\t\t\t<figcaption class='wp-caption-text gallery-caption' id='gallery-1-486'>\n\t\t\t\tDise\u00f1o Gr\u00e1fico\n\t\t\t\t<\/figcaption><\/figure>\n\t\t<\/div>\n\t\t<\/div>\n\t\t\t\t<\/div>\n\t\t\t\t<\/div>\n\t\t\t\t\t\t<\/div>\n\t\t\t<\/div>\n\t\t<\/div>\n\t\t\t\t\t\t<\/div>\n\t\t\t<\/div>\n\t\t<\/section>\n\t\t\t\t\t\t<\/div>\n\t\t\t<\/div>\n\t\t<\/div>\n\t\t","protected":false},"excerpt":{"rendered":"<p>aLGUNOS DE NUESTROS TRABAJOS Nos involucramos en su proyecto consider\u00e1ndolo como propio, utilizamos todos nuestros recursos para ofrecerle la mejor soluci\u00f3n. Su \u00e9xito es el nuestro. Dise\u00f1o Web Desarrollo de APPS Desarrollo Web Dise\u00f1o Gr\u00e1fico<\/p>\n","protected":false},"author":1,"featured_media":0,"parent":0,"menu_order":0,"comment_status":"closed","ping_status":"closed","template":"elementor_header_footer","meta":{"footnotes":""},"class_list":["post-479","page","type-page","status-publish","hentry","entry"],"_links":{"self":[{"href":"https:\/\/propuesta5.msrtecnologia.com.mx\/index.php\/wp-json\/wp\/v2\/pages\/479","targetHints":{"allow":["GET"]}}],"collection":[{"href":"https:\/\/propuesta5.msrtecnologia.com.mx\/index.php\/wp-json\/wp\/v2\/pages"}],"about":[{"href":"https:\/\/propuesta5.msrtecnologia.com.mx\/index.php\/wp-json\/wp\/v2\/types\/page"}],"author":[{"embeddable":true,"href":"https:\/\/propuesta5.msrtecnologia.com.mx\/index.php\/wp-json\/wp\/v2\/users\/1"}],"replies":[{"embeddable":true,"href":"https:\/\/propuesta5.msrtecnologia.com.mx\/index.php\/wp-json\/wp\/v2\/comments?post=479"}],"version-history":[{"count":10,"href":"https:\/\/propuesta5.msrtecnologia.com.mx\/index.php\/wp-json\/wp\/v2\/pages\/479\/revisions"}],"predecessor-version":[{"id":498,"href":"https:\/\/propuesta5.msrtecnologia.com.mx\/index.php\/wp-json\/wp\/v2\/pages\/479\/revisions\/498"}],"wp:attachment":[{"href":"https:\/\/propuesta5.msrtecnologia.com.mx\/index.php\/wp-json\/wp\/v2\/media?parent=479"}],"curies":[{"name":"wp","href":"https:\/\/api.w.org\/{rel}","templated":true}]}}